{"id":435,"date":"2024-03-13T19:50:02","date_gmt":"2024-03-13T18:50:02","guid":{"rendered":"https:\/\/robustbook.com\/blog\/?page_id=435"},"modified":"2024-03-18T14:45:06","modified_gmt":"2024-03-18T13:45:06","slug":"startseite","status":"publish","type":"page","link":"https:\/\/staging.robustbook.com\/blog\/","title":{"rendered":"Startseite"},"content":{"rendered":"\t\t<div data-elementor-type=\"wp-page\" data-elementor-id=\"435\" class=\"elementor elementor-435\" data-elementor-post-type=\"page\">\n\t\t\t\t\t\t<section class=\"elementor-section elementor-top-section elementor-element elementor-element-74595f6 elementor-section-boxed elementor-section-height-default elementor-section-height-default\" data-id=\"74595f6\" data-element_type=\"section\">\n\t\t\t\t\t\t<div class=\"elementor-container elementor-column-gap-default\">\n\t\t\t\t\t<div class=\"elementor-column elementor-col-100 elementor-top-column elementor-element elementor-element-7bb449a\" data-id=\"7bb449a\" data-element_type=\"column\">\n\t\t\t<div class=\"elementor-widget-wrap elementor-element-populated\">\n\t\t\t\t\t\t<div class=\"elementor-element elementor-element-10b1ab5 elementor-widget elementor-widget-spacer\" data-id=\"10b1ab5\" data-element_type=\"widget\" data-widget_type=\"spacer.default\">\n\t\t\t\t\t\t\t<div class=\"elementor-spacer\">\n\t\t\t<div class=\"elementor-spacer-inner\"><\/div>\n\t\t<\/div>\n\t\t\t\t\t\t<\/div>\n\t\t\t\t<div class=\"elementor-element elementor-element-c9767ec elementor-widget elementor-widget-heading\" data-id=\"c9767ec\" data-element_type=\"widget\" data-widget_type=\"heading.default\">\n\t\t\t\t\t<h1 class=\"elementor-heading-title elementor-size-default\">Infos und News zu robusten Laptops und Tablets<\/h1>\t\t\t\t<\/div>\n\t\t\t\t<div class=\"elementor-element elementor-element-86a28cb elementor-widget elementor-widget-spacer\" data-id=\"86a28cb\" data-element_type=\"widget\" data-widget_type=\"spacer.default\">\n\t\t\t\t\t\t\t<div class=\"elementor-spacer\">\n\t\t\t<div class=\"elementor-spacer-inner\"><\/div>\n\t\t<\/div>\n\t\t\t\t\t\t<\/div>\n\t\t\t\t\t<\/div>\n\t\t<\/div>\n\t\t\t\t\t<\/div>\n\t\t<\/section>\n\t\t\t\t<section class=\"elementor-section elementor-top-section elementor-element elementor-element-55f7dc0 elementor-section-boxed elementor-section-height-default elementor-section-height-default\" data-id=\"55f7dc0\" data-element_type=\"section\">\n\t\t\t\t\t\t<div class=\"elementor-container elementor-column-gap-default\">\n\t\t\t\t\t<div class=\"elementor-column elementor-col-100 elementor-top-column elementor-element elementor-element-a8c6906\" data-id=\"a8c6906\" data-element_type=\"column\">\n\t\t\t<div class=\"elementor-widget-wrap elementor-element-populated\">\n\t\t\t\t\t\t<div class=\"elementor-element elementor-element-3c60970 elementor-grid-2 elementor-grid-tablet-2 elementor-grid-mobile-1 elementor-posts--thumbnail-top elementor-widget elementor-widget-posts\" data-id=\"3c60970\" data-element_type=\"widget\" data-settings=\"{&quot;classic_columns&quot;:&quot;2&quot;,&quot;pagination_type&quot;:&quot;load_more_infinite_scroll&quot;,&quot;classic_row_gap_mobile&quot;:{&quot;unit&quot;:&quot;px&quot;,&quot;size&quot;:50,&quot;sizes&quot;:[]},&quot;classic_columns_tablet&quot;:&quot;2&quot;,&quot;classic_columns_mobile&quot;:&quot;1&quot;,&quot;classic_row_gap&quot;:{&quot;unit&quot;:&quot;px&quot;,&quot;size&quot;:35,&quot;sizes&quot;:[]},&quot;classic_row_gap_tablet&quot;:{&quot;unit&quot;:&quot;px&quot;,&quot;size&quot;:&quot;&quot;,&quot;sizes&quot;:[]},&quot;load_more_spinner&quot;:{&quot;value&quot;:&quot;fas fa-spinner&quot;,&quot;library&quot;:&quot;fa-solid&quot;}}\" data-widget_type=\"posts.classic\">\n\t\t\t\t<div class=\"elementor-widget-container\">\n\t\t\t\t\t\t\t<div class=\"elementor-posts-container elementor-posts elementor-posts--skin-classic elementor-grid\">\n\t\t\t\t<article class=\"elementor-post elementor-grid-item post-548 post type-post status-publish format-standard has-post-thumbnail hentry category-allgemein entry has-media\">\n\t\t\t\t<a class=\"elementor-post__thumbnail__link\" href=\"https:\/\/staging.robustbook.com\/blog\/so-finden-sie-das-perfekte-outdoor-tablet\/\" tabindex=\"-1\" >\n\t\t\t<div class=\"elementor-post__thumbnail\"><img fetchpriority=\"high\" decoding=\"async\" width=\"1920\" height=\"1280\" src=\"https:\/\/staging.robustbook.com\/blog\/wp-content\/uploads\/2024\/07\/feature-fallproof.webp\" class=\"attachment-full size-full wp-image-529\" alt=\"Fallgesch\u00fctztes Durabook Outdoor Tablet\" srcset=\"https:\/\/staging.robustbook.com\/blog\/wp-content\/uploads\/2024\/07\/feature-fallproof.webp 1920w, https:\/\/staging.robustbook.com\/blog\/wp-content\/uploads\/2024\/07\/feature-fallproof-300x200.webp 300w, https:\/\/staging.robustbook.com\/blog\/wp-content\/uploads\/2024\/07\/feature-fallproof-1024x683.webp 1024w, https:\/\/staging.robustbook.com\/blog\/wp-content\/uploads\/2024\/07\/feature-fallproof-768x512.webp 768w, https:\/\/staging.robustbook.com\/blog\/wp-content\/uploads\/2024\/07\/feature-fallproof-1536x1024.webp 1536w\" sizes=\"(max-width: 1920px) 100vw, 1920px\" \/><\/div>\n\t\t<\/a>\n\t\t\t\t<div class=\"elementor-post__text\">\n\t\t\t\t<h2 class=\"elementor-post__title\">\n\t\t\t<a href=\"https:\/\/staging.robustbook.com\/blog\/so-finden-sie-das-perfekte-outdoor-tablet\/\" >\n\t\t\t\tSo finden Sie das perfekte Outdoor Tablet: Ein Leitfaden f\u00fcr Profis und Abenteurer\t\t\t<\/a>\n\t\t<\/h2>\n\t\t\t\t<div class=\"elementor-post__meta-data\">\n\t\t\t\t\t<span class=\"elementor-post-date\">\n\t\t\t10. Dezember 2024\t\t<\/span>\n\t\t\t\t<\/div>\n\t\t\n\t\t<a class=\"elementor-post__read-more\" href=\"https:\/\/staging.robustbook.com\/blog\/so-finden-sie-das-perfekte-outdoor-tablet\/\" aria-label=\"Mehr \u00fcber So finden Sie das perfekte Outdoor Tablet: Ein Leitfaden f\u00fcr Profis und Abenteurer\" tabindex=\"-1\" >\n\t\t\tWeiterlesen \u00bb\t\t<\/a>\n\n\t\t\t\t<\/div>\n\t\t\t\t<\/article>\n\t\t\t\t<article class=\"elementor-post elementor-grid-item post-542 post type-post status-publish format-standard has-post-thumbnail hentry category-allgemein entry has-media\">\n\t\t\t\t<a class=\"elementor-post__thumbnail__link\" href=\"https:\/\/staging.robustbook.com\/blog\/robuste-laptops-zuverlaessigkeit-fuer-extreme-umgebungen\/\" tabindex=\"-1\" >\n\t\t\t<div class=\"elementor-post__thumbnail\"><img decoding=\"async\" width=\"1024\" height=\"1024\" src=\"https:\/\/staging.robustbook.com\/blog\/wp-content\/uploads\/2024\/10\/robust_laptop.png\" class=\"attachment-full size-full wp-image-543\" alt=\"Robuster Laptop f\u00fcr extreme Umgebungen, staub- und wasserresistent\" srcset=\"https:\/\/staging.robustbook.com\/blog\/wp-content\/uploads\/2024\/10\/robust_laptop.png 1024w, https:\/\/staging.robustbook.com\/blog\/wp-content\/uploads\/2024\/10\/robust_laptop-300x300.png 300w, https:\/\/staging.robustbook.com\/blog\/wp-content\/uploads\/2024\/10\/robust_laptop-150x150.png 150w, https:\/\/staging.robustbook.com\/blog\/wp-content\/uploads\/2024\/10\/robust_laptop-768x768.png 768w\" sizes=\"(max-width: 1024px) 100vw, 1024px\" \/><\/div>\n\t\t<\/a>\n\t\t\t\t<div class=\"elementor-post__text\">\n\t\t\t\t<h2 class=\"elementor-post__title\">\n\t\t\t<a href=\"https:\/\/staging.robustbook.com\/blog\/robuste-laptops-zuverlaessigkeit-fuer-extreme-umgebungen\/\" >\n\t\t\t\tRobuste Laptops \u2013 Zuverl\u00e4ssigkeit f\u00fcr extreme Umgebungen\t\t\t<\/a>\n\t\t<\/h2>\n\t\t\t\t<div class=\"elementor-post__meta-data\">\n\t\t\t\t\t<span class=\"elementor-post-date\">\n\t\t\t28. Oktober 2024\t\t<\/span>\n\t\t\t\t<\/div>\n\t\t\n\t\t<a class=\"elementor-post__read-more\" href=\"https:\/\/staging.robustbook.com\/blog\/robuste-laptops-zuverlaessigkeit-fuer-extreme-umgebungen\/\" aria-label=\"Mehr \u00fcber Robuste Laptops \u2013 Zuverl\u00e4ssigkeit f\u00fcr extreme Umgebungen\" tabindex=\"-1\" >\n\t\t\tWeiterlesen \u00bb\t\t<\/a>\n\n\t\t\t\t<\/div>\n\t\t\t\t<\/article>\n\t\t\t\t<article class=\"elementor-post elementor-grid-item post-536 post type-post status-publish format-standard has-post-thumbnail hentry category-allgemein entry has-media\">\n\t\t\t\t<a class=\"elementor-post__thumbnail__link\" href=\"https:\/\/staging.robustbook.com\/blog\/aluminium-magnesium-legierung-vs-kunststoffgehause\/\" tabindex=\"-1\" >\n\t\t\t<div class=\"elementor-post__thumbnail\"><img decoding=\"async\" width=\"1024\" height=\"1024\" src=\"https:\/\/staging.robustbook.com\/blog\/wp-content\/uploads\/2024\/08\/bitbladeio_Close-up_of_two_rugged_laptops_side_by_side_one_with_7b2cf9ca-88ba-44e2-8d71-4c7bea97a0b6.png\" class=\"attachment-full size-full wp-image-537\" alt=\"Close-Up von 2 Laptops: Eins mit Aluminium-Magnesium Legierung und eins mit Kunststoffgeh\u00e4use\" srcset=\"https:\/\/staging.robustbook.com\/blog\/wp-content\/uploads\/2024\/08\/bitbladeio_Close-up_of_two_rugged_laptops_side_by_side_one_with_7b2cf9ca-88ba-44e2-8d71-4c7bea97a0b6.png 1024w, https:\/\/staging.robustbook.com\/blog\/wp-content\/uploads\/2024\/08\/bitbladeio_Close-up_of_two_rugged_laptops_side_by_side_one_with_7b2cf9ca-88ba-44e2-8d71-4c7bea97a0b6-300x300.png 300w, https:\/\/staging.robustbook.com\/blog\/wp-content\/uploads\/2024\/08\/bitbladeio_Close-up_of_two_rugged_laptops_side_by_side_one_with_7b2cf9ca-88ba-44e2-8d71-4c7bea97a0b6-150x150.png 150w, https:\/\/staging.robustbook.com\/blog\/wp-content\/uploads\/2024\/08\/bitbladeio_Close-up_of_two_rugged_laptops_side_by_side_one_with_7b2cf9ca-88ba-44e2-8d71-4c7bea97a0b6-768x768.png 768w\" sizes=\"(max-width: 1024px) 100vw, 1024px\" \/><\/div>\n\t\t<\/a>\n\t\t\t\t<div class=\"elementor-post__text\">\n\t\t\t\t<h2 class=\"elementor-post__title\">\n\t\t\t<a href=\"https:\/\/staging.robustbook.com\/blog\/aluminium-magnesium-legierung-vs-kunststoffgehause\/\" >\n\t\t\t\tAluminium-Magnesium-Legierung vs. Kunststoffgeh\u00e4use: Welche Materialwahl ist die beste f\u00fcr robuste Laptops und Tablets?\t\t\t<\/a>\n\t\t<\/h2>\n\t\t\t\t<div class=\"elementor-post__meta-data\">\n\t\t\t\t\t<span class=\"elementor-post-date\">\n\t\t\t16. August 2024\t\t<\/span>\n\t\t\t\t<\/div>\n\t\t\n\t\t<a class=\"elementor-post__read-more\" href=\"https:\/\/staging.robustbook.com\/blog\/aluminium-magnesium-legierung-vs-kunststoffgehause\/\" aria-label=\"Mehr \u00fcber Aluminium-Magnesium-Legierung vs. Kunststoffgeh\u00e4use: Welche Materialwahl ist die beste f\u00fcr robuste Laptops und Tablets?\" tabindex=\"-1\" >\n\t\t\tWeiterlesen \u00bb\t\t<\/a>\n\n\t\t\t\t<\/div>\n\t\t\t\t<\/article>\n\t\t\t\t<article class=\"elementor-post elementor-grid-item post-521 post type-post status-publish format-standard has-post-thumbnail hentry category-allgemein tag-durabook tag-outdoor-tablet tag-r8 entry has-media\">\n\t\t\t\t<a class=\"elementor-post__thumbnail__link\" href=\"https:\/\/staging.robustbook.com\/blog\/die-besten-outdoor-tablets-in-2024\/\" tabindex=\"-1\" >\n\t\t\t<div class=\"elementor-post__thumbnail\"><img fetchpriority=\"high\" decoding=\"async\" width=\"1920\" height=\"1280\" src=\"https:\/\/staging.robustbook.com\/blog\/wp-content\/uploads\/2024\/07\/feature-fallproof.webp\" class=\"attachment-full size-full wp-image-529\" alt=\"Fallgesch\u00fctztes Durabook Outdoor Tablet\" srcset=\"https:\/\/staging.robustbook.com\/blog\/wp-content\/uploads\/2024\/07\/feature-fallproof.webp 1920w, https:\/\/staging.robustbook.com\/blog\/wp-content\/uploads\/2024\/07\/feature-fallproof-300x200.webp 300w, https:\/\/staging.robustbook.com\/blog\/wp-content\/uploads\/2024\/07\/feature-fallproof-1024x683.webp 1024w, https:\/\/staging.robustbook.com\/blog\/wp-content\/uploads\/2024\/07\/feature-fallproof-768x512.webp 768w, https:\/\/staging.robustbook.com\/blog\/wp-content\/uploads\/2024\/07\/feature-fallproof-1536x1024.webp 1536w\" sizes=\"(max-width: 1920px) 100vw, 1920px\" \/><\/div>\n\t\t<\/a>\n\t\t\t\t<div class=\"elementor-post__text\">\n\t\t\t\t<h2 class=\"elementor-post__title\">\n\t\t\t<a href=\"https:\/\/staging.robustbook.com\/blog\/die-besten-outdoor-tablets-in-2024\/\" >\n\t\t\t\tDie besten Outdoor Tablets in 2024\t\t\t<\/a>\n\t\t<\/h2>\n\t\t\t\t<div class=\"elementor-post__meta-data\">\n\t\t\t\t\t<span class=\"elementor-post-date\">\n\t\t\t10. Juli 2024\t\t<\/span>\n\t\t\t\t<\/div>\n\t\t\n\t\t<a class=\"elementor-post__read-more\" href=\"https:\/\/staging.robustbook.com\/blog\/die-besten-outdoor-tablets-in-2024\/\" aria-label=\"Mehr \u00fcber Die besten Outdoor Tablets in 2024\" tabindex=\"-1\" >\n\t\t\tWeiterlesen \u00bb\t\t<\/a>\n\n\t\t\t\t<\/div>\n\t\t\t\t<\/article>\n\t\t\t\t<article class=\"elementor-post elementor-grid-item post-517 post type-post status-publish format-standard has-post-thumbnail hentry category-allgemein tag-durabook tag-durabook-s15 entry has-media\">\n\t\t\t\t<a class=\"elementor-post__thumbnail__link\" href=\"https:\/\/staging.robustbook.com\/blog\/das-neue-durabook-s15\/\" tabindex=\"-1\" >\n\t\t\t<div class=\"elementor-post__thumbnail\"><img loading=\"lazy\" decoding=\"async\" width=\"1431\" height=\"1042\" src=\"https:\/\/staging.robustbook.com\/blog\/wp-content\/uploads\/2024\/05\/03.webp\" class=\"attachment-full size-full wp-image-518\" alt=\"Neues Durabook S15 robuster Laptop f\u00fcr Industrie\" srcset=\"https:\/\/staging.robustbook.com\/blog\/wp-content\/uploads\/2024\/05\/03.webp 1431w, https:\/\/staging.robustbook.com\/blog\/wp-content\/uploads\/2024\/05\/03-300x218.webp 300w, https:\/\/staging.robustbook.com\/blog\/wp-content\/uploads\/2024\/05\/03-1024x746.webp 1024w, https:\/\/staging.robustbook.com\/blog\/wp-content\/uploads\/2024\/05\/03-768x559.webp 768w\" sizes=\"(max-width: 1431px) 100vw, 1431px\" \/><\/div>\n\t\t<\/a>\n\t\t\t\t<div class=\"elementor-post__text\">\n\t\t\t\t<h2 class=\"elementor-post__title\">\n\t\t\t<a href=\"https:\/\/staging.robustbook.com\/blog\/das-neue-durabook-s15\/\" >\n\t\t\t\tDas neue Durabook S15 \u2013 Ihr robuster Laptop f\u00fcr die Industrie\t\t\t<\/a>\n\t\t<\/h2>\n\t\t\t\t<div class=\"elementor-post__meta-data\">\n\t\t\t\t\t<span class=\"elementor-post-date\">\n\t\t\t29. Mai 2024\t\t<\/span>\n\t\t\t\t<\/div>\n\t\t\n\t\t<a class=\"elementor-post__read-more\" href=\"https:\/\/staging.robustbook.com\/blog\/das-neue-durabook-s15\/\" aria-label=\"Mehr \u00fcber Das neue Durabook S15 \u2013 Ihr robuster Laptop f\u00fcr die Industrie\" tabindex=\"-1\" >\n\t\t\tWeiterlesen \u00bb\t\t<\/a>\n\n\t\t\t\t<\/div>\n\t\t\t\t<\/article>\n\t\t\t\t<\/div>\n\t\t\t\t\t<span class=\"e-load-more-spinner\">\n\t\t\t\t<svg aria-hidden=\"true\" class=\"e-font-icon-svg e-fas-spinner\" viewBox=\"0 0 512 512\" xmlns=\"http:\/\/www.w3.org\/2000\/svg\"><path d=\"M304 48c0 26.51-21.49 48-48 48s-48-21.49-48-48 21.49-48 48-48 48 21.49 48 48zm-48 368c-26.51 0-48 21.49-48 48s21.49 48 48 48 48-21.49 48-48-21.49-48-48-48zm208-208c-26.51 0-48 21.49-48 48s21.49 48 48 48 48-21.49 48-48-21.49-48-48-48zM96 256c0-26.51-21.49-48-48-48S0 229.49 0 256s21.49 48 48 48 48-21.49 48-48zm12.922 99.078c-26.51 0-48 21.49-48 48s21.49 48 48 48 48-21.49 48-48c0-26.509-21.491-48-48-48zm294.156 0c-26.51 0-48 21.49-48 48s21.49 48 48 48 48-21.49 48-48c0-26.509-21.49-48-48-48zM108.922 60.922c-26.51 0-48 21.49-48 48s21.49 48 48 48 48-21.49 48-48-21.491-48-48-48z\"><\/path><\/svg>\t\t\t<\/span>\n\t\t\n\t\t\t\t<div class=\"e-load-more-anchor\" data-page=\"1\" data-max-page=\"4\" data-next-page=\"https:\/\/staging.robustbook.com\/blog\/wp-json\/wp\/v2\/pages\/435\/page\/2\/\"><\/div>\n\t\t\t\t<div class=\"e-load-more-message\">Keine weiteren Beitr\u00e4ge<\/div>\n\t\t\t\t\t\t<\/div>\n\t\t\t\t<\/div>\n\t\t\t\t\t<\/div>\n\t\t<\/div>\n\t\t\t\t\t<\/div>\n\t\t<\/section>\n\t\t\t\t<\/div>\n\t\t","protected":false},"excerpt":{"rendered":"<p>Infos und News zu robusten Laptops und Tablets<\/p>\n","protected":false},"author":1,"featured_media":0,"parent":0,"menu_order":0,"comment_status":"closed","ping_status":"closed","template":"","meta":{"ocean_post_layout":"full-screen","ocean_both_sidebars_style":"","ocean_both_sidebars_content_width":0,"ocean_both_sidebars_sidebars_width":0,"ocean_sidebar":"0","ocean_second_sidebar":"0","ocean_disable_margins":"enable","ocean_add_body_class":"","ocean_shortcode_before_top_bar":"","ocean_shortcode_after_top_bar":"","ocean_shortcode_before_header":"","ocean_shortcode_after_header":"","ocean_has_shortcode":"","ocean_shortcode_after_title":"","ocean_shortcode_before_footer_widgets":"","ocean_shortcode_after_footer_widgets":"","ocean_shortcode_before_footer_bottom":"","ocean_shortcode_after_footer_bottom":"","ocean_display_top_bar":"default","ocean_display_header":"default","ocean_header_style":"","ocean_center_header_left_menu":"0","ocean_custom_header_template":"0","ocean_custom_logo":0,"ocean_custom_retina_logo":0,"ocean_custom_logo_max_width":0,"ocean_custom_logo_tablet_max_width":0,"ocean_custom_logo_mobile_max_width":0,"ocean_custom_logo_max_height":0,"ocean_custom_logo_tablet_max_height":0,"ocean_custom_logo_mobile_max_height":0,"ocean_header_custom_menu":"0","ocean_menu_typo_font_family":"0","ocean_menu_typo_font_subset":"","ocean_menu_typo_font_size":0,"ocean_menu_typo_font_size_tablet":0,"ocean_menu_typo_font_size_mobile":0,"ocean_menu_typo_font_size_unit":"px","ocean_menu_typo_font_weight":"","ocean_menu_typo_font_weight_tablet":"","ocean_menu_typo_font_weight_mobile":"","ocean_menu_typo_transform":"","ocean_menu_typo_transform_tablet":"","ocean_menu_typo_transform_mobile":"","ocean_menu_typo_line_height":0,"ocean_menu_typo_line_height_tablet":0,"ocean_menu_typo_line_height_mobile":0,"ocean_menu_typo_line_height_unit":"","ocean_menu_typo_spacing":0,"ocean_menu_typo_spacing_tablet":0,"ocean_menu_typo_spacing_mobile":0,"ocean_menu_typo_spacing_unit":"","ocean_menu_link_color":"","ocean_menu_link_color_hover":"","ocean_menu_link_color_active":"","ocean_menu_link_background":"","ocean_menu_link_hover_background":"","ocean_menu_link_active_background":"","ocean_menu_social_links_bg":"","ocean_menu_social_hover_links_bg":"","ocean_menu_social_links_color":"","ocean_menu_social_hover_links_color":"","ocean_disable_title":"default","ocean_disable_heading":"default","ocean_post_title":"","ocean_post_subheading":"","ocean_post_title_style":"","ocean_post_title_background_color":"","ocean_post_title_background":0,"ocean_post_title_bg_image_position":"","ocean_post_title_bg_image_attachment":"","ocean_post_title_bg_image_repeat":"","ocean_post_title_bg_image_size":"","ocean_post_title_height":0,"ocean_post_title_bg_overlay":0.5,"ocean_post_title_bg_overlay_color":"","ocean_disable_breadcrumbs":"default","ocean_breadcrumbs_color":"","ocean_breadcrumbs_separator_color":"","ocean_breadcrumbs_links_color":"","ocean_breadcrumbs_links_hover_color":"","ocean_display_footer_widgets":"default","ocean_display_footer_bottom":"default","ocean_custom_footer_template":"0","footnotes":""},"class_list":["post-435","page","type-page","status-publish","hentry","entry","has-media"],"yoast_head":"<!-- This site is optimized with the Yoast SEO plugin v25.6 - https:\/\/yoast.com\/wordpress\/plugins\/seo\/ -->\n<title>Infos und News zu robusten Tablets und Laptops<\/title>\n<meta name=\"description\" content=\"Willkommen im offiziellen Robustbook Blog. Hier finden Sie Informationen und News rund um robuste Laptops und Tablets.\" \/>\n<meta name=\"robots\" content=\"index, follow, max-snippet:-1, max-image-preview:large, max-video-preview:-1\" \/>\n<link rel=\"canonical\" href=\"https:\/\/robustbook.com\/blog\/\" \/>\n<meta property=\"og:locale\" content=\"de_DE\" \/>\n<meta property=\"og:type\" content=\"article\" \/>\n<meta property=\"og:title\" content=\"Infos und News zu robusten Tablets und Laptops\" \/>\n<meta property=\"og:description\" content=\"Willkommen im offiziellen Robustbook Blog. Hier finden Sie Informationen und News rund um robuste Laptops und Tablets.\" \/>\n<meta property=\"og:url\" content=\"https:\/\/robustbook.com\/blog\/\" \/>\n<meta property=\"og:site_name\" content=\"Robustbook Blog\" \/>\n<meta property=\"article:modified_time\" content=\"2024-03-18T13:45:06+00:00\" \/>\n<meta name=\"twitter:card\" content=\"summary_large_image\" \/>\n<script type=\"application\/ld+json\" class=\"yoast-schema-graph\">{\"@context\":\"https:\/\/schema.org\",\"@graph\":[{\"@type\":\"WebPage\",\"@id\":\"https:\/\/robustbook.com\/blog\/\",\"url\":\"https:\/\/robustbook.com\/blog\/\",\"name\":\"Infos und News zu robusten Tablets und Laptops\",\"isPartOf\":{\"@id\":\"https:\/\/robustbook.com\/blog\/#website\"},\"datePublished\":\"2024-03-13T18:50:02+00:00\",\"dateModified\":\"2024-03-18T13:45:06+00:00\",\"description\":\"Willkommen im offiziellen Robustbook Blog. Hier finden Sie Informationen und News rund um robuste Laptops und Tablets.\",\"breadcrumb\":{\"@id\":\"https:\/\/robustbook.com\/blog\/#breadcrumb\"},\"inLanguage\":\"de\",\"potentialAction\":[{\"@type\":\"ReadAction\",\"target\":[\"https:\/\/robustbook.com\/blog\/\"]}]},{\"@type\":\"BreadcrumbList\",\"@id\":\"https:\/\/robustbook.com\/blog\/#breadcrumb\",\"itemListElement\":[{\"@type\":\"ListItem\",\"position\":1,\"name\":\"Startseite\",\"item\":\"https:\/\/robustbook.com\/blog\/\"},{\"@type\":\"ListItem\",\"position\":2,\"name\":\"Startseite\"}]},{\"@type\":\"WebSite\",\"@id\":\"https:\/\/robustbook.com\/blog\/#website\",\"url\":\"https:\/\/robustbook.com\/blog\/\",\"name\":\"Robustbook Blog\",\"description\":\"Willkommen im offiziellen Robustbook Blog. Hier finden Sie Informationen und News rund um robuste Laptops und Tablets.\",\"publisher\":{\"@id\":\"https:\/\/robustbook.com\/blog\/#organization\"},\"potentialAction\":[{\"@type\":\"SearchAction\",\"target\":{\"@type\":\"EntryPoint\",\"urlTemplate\":\"https:\/\/robustbook.com\/blog\/?s={search_term_string}\"},\"query-input\":{\"@type\":\"PropertyValueSpecification\",\"valueRequired\":true,\"valueName\":\"search_term_string\"}}],\"inLanguage\":\"de\"},{\"@type\":\"Organization\",\"@id\":\"https:\/\/robustbook.com\/blog\/#organization\",\"name\":\"Robustbook Blog\",\"url\":\"https:\/\/robustbook.com\/blog\/\",\"logo\":{\"@type\":\"ImageObject\",\"inLanguage\":\"de\",\"@id\":\"https:\/\/robustbook.com\/blog\/#\/schema\/logo\/image\/\",\"url\":\"https:\/\/staging.robustbook.com\/blog\/wp-content\/uploads\/2021\/04\/logo_vertical_white.png\",\"contentUrl\":\"https:\/\/staging.robustbook.com\/blog\/wp-content\/uploads\/2021\/04\/logo_vertical_white.png\",\"width\":2901,\"height\":484,\"caption\":\"Robustbook Blog\"},\"image\":{\"@id\":\"https:\/\/robustbook.com\/blog\/#\/schema\/logo\/image\/\"}}]}<\/script>\n<!-- \/ Yoast SEO plugin. -->","yoast_head_json":{"title":"Infos und News zu robusten Tablets und Laptops","description":"Willkommen im offiziellen Robustbook Blog. Hier finden Sie Informationen und News rund um robuste Laptops und Tablets.","robots":{"index":"index","follow":"follow","max-snippet":"max-snippet:-1","max-image-preview":"max-image-preview:large","max-video-preview":"max-video-preview:-1"},"canonical":"https:\/\/robustbook.com\/blog\/","og_locale":"de_DE","og_type":"article","og_title":"Infos und News zu robusten Tablets und Laptops","og_description":"Willkommen im offiziellen Robustbook Blog. Hier finden Sie Informationen und News rund um robuste Laptops und Tablets.","og_url":"https:\/\/robustbook.com\/blog\/","og_site_name":"Robustbook Blog","article_modified_time":"2024-03-18T13:45:06+00:00","twitter_card":"summary_large_image","schema":{"@context":"https:\/\/schema.org","@graph":[{"@type":"WebPage","@id":"https:\/\/robustbook.com\/blog\/","url":"https:\/\/robustbook.com\/blog\/","name":"Infos und News zu robusten Tablets und Laptops","isPartOf":{"@id":"https:\/\/robustbook.com\/blog\/#website"},"datePublished":"2024-03-13T18:50:02+00:00","dateModified":"2024-03-18T13:45:06+00:00","description":"Willkommen im offiziellen Robustbook Blog. Hier finden Sie Informationen und News rund um robuste Laptops und Tablets.","breadcrumb":{"@id":"https:\/\/robustbook.com\/blog\/#breadcrumb"},"inLanguage":"de","potentialAction":[{"@type":"ReadAction","target":["https:\/\/robustbook.com\/blog\/"]}]},{"@type":"BreadcrumbList","@id":"https:\/\/robustbook.com\/blog\/#breadcrumb","itemListElement":[{"@type":"ListItem","position":1,"name":"Startseite","item":"https:\/\/robustbook.com\/blog\/"},{"@type":"ListItem","position":2,"name":"Startseite"}]},{"@type":"WebSite","@id":"https:\/\/robustbook.com\/blog\/#website","url":"https:\/\/robustbook.com\/blog\/","name":"Robustbook Blog","description":"Willkommen im offiziellen Robustbook Blog. Hier finden Sie Informationen und News rund um robuste Laptops und Tablets.","publisher":{"@id":"https:\/\/robustbook.com\/blog\/#organization"},"potentialAction":[{"@type":"SearchAction","target":{"@type":"EntryPoint","urlTemplate":"https:\/\/robustbook.com\/blog\/?s={search_term_string}"},"query-input":{"@type":"PropertyValueSpecification","valueRequired":true,"valueName":"search_term_string"}}],"inLanguage":"de"},{"@type":"Organization","@id":"https:\/\/robustbook.com\/blog\/#organization","name":"Robustbook Blog","url":"https:\/\/robustbook.com\/blog\/","logo":{"@type":"ImageObject","inLanguage":"de","@id":"https:\/\/robustbook.com\/blog\/#\/schema\/logo\/image\/","url":"https:\/\/staging.robustbook.com\/blog\/wp-content\/uploads\/2021\/04\/logo_vertical_white.png","contentUrl":"https:\/\/staging.robustbook.com\/blog\/wp-content\/uploads\/2021\/04\/logo_vertical_white.png","width":2901,"height":484,"caption":"Robustbook Blog"},"image":{"@id":"https:\/\/robustbook.com\/blog\/#\/schema\/logo\/image\/"}}]}},"_links":{"self":[{"href":"https:\/\/staging.robustbook.com\/blog\/wp-json\/wp\/v2\/pages\/435","targetHints":{"allow":["GET"]}}],"collection":[{"href":"https:\/\/staging.robustbook.com\/blog\/wp-json\/wp\/v2\/pages"}],"about":[{"href":"https:\/\/staging.robustbook.com\/blog\/wp-json\/wp\/v2\/types\/page"}],"author":[{"embeddable":true,"href":"https:\/\/staging.robustbook.com\/blog\/wp-json\/wp\/v2\/users\/1"}],"replies":[{"embeddable":true,"href":"https:\/\/staging.robustbook.com\/blog\/wp-json\/wp\/v2\/comments?post=435"}],"version-history":[{"count":60,"href":"https:\/\/staging.robustbook.com\/blog\/wp-json\/wp\/v2\/pages\/435\/revisions"}],"predecessor-version":[{"id":514,"href":"https:\/\/staging.robustbook.com\/blog\/wp-json\/wp\/v2\/pages\/435\/revisions\/514"}],"wp:attachment":[{"href":"https:\/\/staging.robustbook.com\/blog\/wp-json\/wp\/v2\/media?parent=435"}],"curies":[{"name":"wp","href":"https:\/\/api.w.org\/{rel}","templated":true}]}}